{"id":2622,"date":"2024-02-26T14:26:15","date_gmt":"2024-02-26T13:26:15","guid":{"rendered":"https:\/\/www2.auto-trade.fi\/?page_id=2622"},"modified":"2025-09-19T14:42:30","modified_gmt":"2025-09-19T12:42:30","slug":"rahoitus-finansiering","status":"publish","type":"page","link":"https:\/\/www.auto-trade.fi\/sv\/rahoitus-finansiering\/","title":{"rendered":"Rahoitus | Finansiering"},"content":{"rendered":"<div class=\"fusion-fullwidth fullwidth-box fusion-builder-row-1 fusion-flex-container has-pattern-background has-mask-background nonhundred-percent-fullwidth non-hundred-percent-height-scrolling\" style=\"--awb-border-radius-top-left:0px;--awb-border-radius-top-right:0px;--awb-border-radius-bottom-right:0px;--awb-border-radius-bottom-left:0px;--awb-padding-top:60px;--awb-padding-bottom:75px;--awb-flex-wrap:wrap;\" ><div class=\"fusion-builder-row fusion-row fusion-flex-align-items-center fusion-flex-justify-content-center fusion-flex-content-wrap\" style=\"max-width:1393.6px;margin-left: calc(-4% \/ 2 );margin-right: calc(-4% \/ 2 );\"><div class=\"fusion-layout-column fusion_builder_column fusion-builder-column-0 fusion_builder_column_1_3 1_3 fusion-flex-column\" style=\"--awb-bg-size:cover;--awb-width-large:33.333333333333%;--awb-margin-top-large:0px;--awb-spacing-right-large:5.76%;--awb-margin-bottom-large:20px;--awb-spacing-left-large:5.76%;--awb-width-medium:33.333333333333%;--awb-order-medium:0;--awb-spacing-right-medium:5.76%;--awb-spacing-left-medium:5.76%;--awb-width-small:100%;--awb-order-small:0;--awb-spacing-right-small:1.92%;--awb-spacing-left-small:1.92%;\"><div class=\"fusion-column-wrapper fusion-column-has-shadow fusion-flex-justify-content-flex-start fusion-content-layout-column\"><div class=\"fusion-image-element\" style=\"--awb-caption-title-font-family:var(--h2_typography-font-family);--awb-caption-title-font-weight:var(--h2_typography-font-weight);--awb-caption-title-font-style:var(--h2_typography-font-style);--awb-caption-title-size:var(--h2_typography-font-size);--awb-caption-title-transform:var(--h2_typography-text-transform);--awb-caption-title-line-height:var(--h2_typography-line-height);--awb-caption-title-letter-spacing:var(--h2_typography-letter-spacing);\"><span class=\"fusion-imageframe imageframe-none imageframe-1 hover-type-none\"><a class=\"fusion-no-lightbox\" href=\"https:\/\/www.bigbank.fi\/\" target=\"_self\" aria-label=\"bigbank logo\"><img decoding=\"async\" width=\"119\" height=\"36\" src=\"data:image\/svg+xml,%3Csvg%20xmlns%3D%27http%3A%2F%2Fwww.w3.org%2F2000%2Fsvg%27%20width%3D%27119%27%20height%3D%2736%27%20viewBox%3D%270%200%20119%2036%27%3E%3Crect%20width%3D%27119%27%20height%3D%2736%27%20fill-opacity%3D%220%22%2F%3E%3C%2Fsvg%3E\" data-orig-src=\"https:\/\/www.auto-trade.fi\/wp-content\/uploads\/2025\/09\/bigbank-logo.jpg\" alt class=\"lazyload img-responsive wp-image-6387\"\/><\/a><\/span><\/div><div class=\"fusion-separator fusion-full-width-sep\" style=\"align-self: center;margin-left: auto;margin-right: auto;margin-top:50px;width:100%;\"><\/div><div class=\"fusion-text fusion-text-1\"><p><strong>Finansieringsexempel:<\/strong> 48 m\u00e5naders avbetalningsplan<\/p>\n<p>5000\u20ac rahoitus<br \/>\n299\u20ac avausmaksu<br \/>\n12\u20ac\/m\u00e5n behandlingsavgift<br \/>\n5,90% kiinte\u00e4 korko<br \/>\n0\u20ac k\u00e4siraha<\/p>\n<p><strong>Kreditpris totalt:<\/strong> 6543,80\u20ac<br \/>\n<strong>Kreditkostnader:<\/strong> 1543,90\u20ac<br \/>\n<strong>M\u00e5nadsrat:<\/strong> 136,33\u20ac<br \/>\n<strong>Effektiv \u00e5rsr\u00e4nta:<\/strong> 14,88%<\/p>\n<p>\u2022 M\u00f6jlighet att avsluta planen i f\u00f6rtid utan extra kostnader<br \/>\n\u2022 Ei vaadi kaskovakuutusta alle 10000\u20ac kohteisiin<\/p>\n<\/div><\/div><\/div><div class=\"fusion-layout-column fusion_builder_column fusion-builder-column-1 fusion_builder_column_1_3 1_3 fusion-flex-column\" style=\"--awb-bg-size:cover;--awb-width-large:33.333333333333%;--awb-margin-top-large:0px;--awb-spacing-right-large:5.76%;--awb-margin-bottom-large:20px;--awb-spacing-left-large:5.76%;--awb-width-medium:33.333333333333%;--awb-order-medium:0;--awb-spacing-right-medium:5.76%;--awb-spacing-left-medium:5.76%;--awb-width-small:100%;--awb-order-small:0;--awb-spacing-right-small:1.92%;--awb-spacing-left-small:1.92%;\"><div class=\"fusion-column-wrapper fusion-column-has-shadow fusion-flex-justify-content-flex-start fusion-content-layout-column\"><div class=\"fusion-image-element\" style=\"--awb-caption-title-font-family:var(--h2_typography-font-family);--awb-caption-title-font-weight:var(--h2_typography-font-weight);--awb-caption-title-font-style:var(--h2_typography-font-style);--awb-caption-title-size:var(--h2_typography-font-size);--awb-caption-title-transform:var(--h2_typography-text-transform);--awb-caption-title-line-height:var(--h2_typography-line-height);--awb-caption-title-letter-spacing:var(--h2_typography-letter-spacing);\"><span class=\"fusion-imageframe imageframe-none imageframe-2 hover-type-none\"><img decoding=\"async\" width=\"300\" height=\"87\" title=\"op-pohjola-rahoitus\" src=\"https:\/\/www.auto-trade.fi\/wp-content\/uploads\/2024\/02\/op-pohjola-rahoitus.png\" data-orig-src=\"https:\/\/www2.auto-trade.fi\/wp-content\/uploads\/2024\/02\/op-pohjola-rahoitus-300x87.png\" alt class=\"lazyload img-responsive wp-image-2626\" srcset=\"data:image\/svg+xml,%3Csvg%20xmlns%3D%27http%3A%2F%2Fwww.w3.org%2F2000%2Fsvg%27%20width%3D%27500%27%20height%3D%27145%27%20viewBox%3D%270%200%20500%20145%27%3E%3Crect%20width%3D%27500%27%20height%3D%27145%27%20fill-opacity%3D%220%22%2F%3E%3C%2Fsvg%3E\" data-srcset=\"https:\/\/www.auto-trade.fi\/wp-content\/uploads\/2024\/02\/op-pohjola-rahoitus-200x58.png 200w, https:\/\/www.auto-trade.fi\/wp-content\/uploads\/2024\/02\/op-pohjola-rahoitus-400x116.png 400w, https:\/\/www.auto-trade.fi\/wp-content\/uploads\/2024\/02\/op-pohjola-rahoitus.png 500w\" data-sizes=\"auto\" data-orig-sizes=\"(max-width: 800px) 100vw, 300px\" \/><\/span><\/div><div class=\"fusion-separator fusion-full-width-sep\" style=\"align-self: center;margin-left: auto;margin-right: auto;margin-top:50px;width:100%;\"><\/div><div class=\"fusion-text fusion-text-2\"><p><strong>Finansieringsexempel:<\/strong> 48 m\u00e5naders avbetalningsplan<\/p>\n<p>10000\u20ac finansiering<br \/>\n290\u20ac avausmaksu<br \/>\n12\u20ac\/m\u00e5n behandlingsavgift<br \/>\n5,99% kiinte\u00e4 korko<br \/>\nHandpeng 2000\u20ac<\/p>\n<p><strong>Kreditpris totalt:<\/strong> 11919,20\u20ac<br \/>\n<strong>Kreditkostnader:<\/strong> 1919,20\u20ac<br \/>\n<strong>M\u00e5nadsrat:<\/strong> 206,65\u20ac<br \/>\n<strong>Effektiv \u00e5rsr\u00e4nta:<\/strong> 11,539%<\/p>\n<p>\u2022 M\u00f6jlighet att avsluta planen i f\u00f6rtid utan extra kostnader<br \/>\n\u2022 Kr\u00e4ver kaskof\u00f6rs\u00e4kring<\/p>\n<\/div><\/div><\/div><\/div><\/div>","protected":false},"excerpt":{"rendered":"","protected":false},"author":1,"featured_media":0,"parent":0,"menu_order":0,"comment_status":"closed","ping_status":"closed","template":"","meta":{"footnotes":""},"class_list":["post-2622","page","type-page","status-publish","hentry"],"_links":{"self":[{"href":"https:\/\/www.auto-trade.fi\/sv\/wp-json\/wp\/v2\/pages\/2622","targetHints":{"allow":["GET"]}}],"collection":[{"href":"https:\/\/www.auto-trade.fi\/sv\/wp-json\/wp\/v2\/pages"}],"about":[{"href":"https:\/\/www.auto-trade.fi\/sv\/wp-json\/wp\/v2\/types\/page"}],"author":[{"embeddable":true,"href":"https:\/\/www.auto-trade.fi\/sv\/wp-json\/wp\/v2\/users\/1"}],"replies":[{"embeddable":true,"href":"https:\/\/www.auto-trade.fi\/sv\/wp-json\/wp\/v2\/comments?post=2622"}],"version-history":[{"count":9,"href":"https:\/\/www.auto-trade.fi\/sv\/wp-json\/wp\/v2\/pages\/2622\/revisions"}],"predecessor-version":[{"id":6388,"href":"https:\/\/www.auto-trade.fi\/sv\/wp-json\/wp\/v2\/pages\/2622\/revisions\/6388"}],"wp:attachment":[{"href":"https:\/\/www.auto-trade.fi\/sv\/wp-json\/wp\/v2\/media?parent=2622"}],"curies":[{"name":"wp","href":"https:\/\/api.w.org\/{rel}","templated":true}]}}