{"id":6928,"date":"2026-02-25T15:43:47","date_gmt":"2026-02-25T14:43:47","guid":{"rendered":"https:\/\/www.auto-trade.fi\/?post_type=product&#038;p=6928"},"modified":"2026-04-14T11:26:43","modified_gmt":"2026-04-14T09:26:43","slug":"skoda-fabia","status":"publish","type":"product","link":"https:\/\/www.auto-trade.fi\/sv\/produkt\/skoda-fabia\/","title":{"rendered":"Skoda Fabia"},"content":{"rendered":"<p class=\"remove-all-margins\">Siistikuntoinen ja hyvin huollettu Fabia, 2x renkaat, 2x avain kaukos\u00e4\u00e4d\u00f6ll\u00e4, vetokoukku, vakionopeuden s\u00e4\u00e4din, ilmastointi, lohkol\u00e4mmitin, huoltokirja, juuri huollettu ja jakoketju vaihdettu.<\/p>\n<hr \/>\n<p>V\u00e4l omsk\u00f6tt och snyggt skick Fabia, 2x d\u00e4ck, 2x nycklar med fj\u00e4rrstyrning, dragkrok, farth\u00e5llare, luftkonditionering, motorv\u00e4rmare, servicebok, nyligen servad samt kamkedja bytt<\/p>\n<p>&nbsp;<\/p>","protected":false},"excerpt":{"rendered":"<p>Siistikuntoinen ja hyvin huollettu Fabia, 2x renkaat, 2x avain kaukos\u00e4\u00e4d\u00f6ll\u00e4, [&hellip;]<\/p>\n","protected":false},"featured_media":7139,"comment_status":"open","ping_status":"closed","template":"","meta":[],"product_brand":[],"product_cat":[44],"product_tag":[],"class_list":{"0":"post-6928","1":"product","2":"type-product","3":"status-publish","4":"has-post-thumbnail","6":"product_cat-fordon","8":"first","9":"instock","10":"shipping-taxable","11":"purchasable","12":"product-type-simple"},"_links":{"self":[{"href":"https:\/\/www.auto-trade.fi\/sv\/wp-json\/wp\/v2\/product\/6928","targetHints":{"allow":["GET"]}}],"collection":[{"href":"https:\/\/www.auto-trade.fi\/sv\/wp-json\/wp\/v2\/product"}],"about":[{"href":"https:\/\/www.auto-trade.fi\/sv\/wp-json\/wp\/v2\/types\/product"}],"replies":[{"embeddable":true,"href":"https:\/\/www.auto-trade.fi\/sv\/wp-json\/wp\/v2\/comments?post=6928"}],"wp:featuredmedia":[{"embeddable":true,"href":"https:\/\/www.auto-trade.fi\/sv\/wp-json\/wp\/v2\/media\/7139"}],"wp:attachment":[{"href":"https:\/\/www.auto-trade.fi\/sv\/wp-json\/wp\/v2\/media?parent=6928"}],"wp:term":[{"taxonomy":"product_brand","embeddable":true,"href":"https:\/\/www.auto-trade.fi\/sv\/wp-json\/wp\/v2\/product_brand?post=6928"},{"taxonomy":"product_cat","embeddable":true,"href":"https:\/\/www.auto-trade.fi\/sv\/wp-json\/wp\/v2\/product_cat?post=6928"},{"taxonomy":"product_tag","embeddable":true,"href":"https:\/\/www.auto-trade.fi\/sv\/wp-json\/wp\/v2\/product_tag?post=6928"}],"curies":[{"name":"wp","href":"https:\/\/api.w.org\/{rel}","templated":true}]}}