{"id":6987,"date":"2026-03-20T12:54:59","date_gmt":"2026-03-20T11:54:59","guid":{"rendered":"https:\/\/www.auto-trade.fi\/?post_type=product&#038;p=6987"},"modified":"2026-04-14T10:38:14","modified_gmt":"2026-04-14T08:38:14","slug":"chevrolet-trax","status":"publish","type":"product","link":"https:\/\/www.auto-trade.fi\/sv\/produkt\/chevrolet-trax\/","title":{"rendered":"Chevrolet Trax"},"content":{"rendered":"<p class=\"remove-all-margins\">T\u00e4st\u00e4 sopivasti tosisiisti Trax, sama kuin Opel Mokka ja parhaalla hyv\u00e4ksi havaitulla 1.6 ecotec bensamoottorilla ja jakoremmi vaihdettu 8\/2024. Autossa perinteinen kest\u00e4v\u00e4 5-vaihteinen laatikko. 2 x tosihyv\u00e4t renkaat aluvantein, Peruutuskamera, Vakionopeudens\u00e4\u00e4din, Vetokoukku, Cdradio\/aux\/usb\/bluetooth, kattokaiteet, Airbagin onoffnappi + isofixkiinnikkeet lastenistuimille, Ilmastointi,T\u00e4yd hkirja, juuri huollettu 113tkm kohdalla ja 106400km kohdalla jakohihnakin vaihdettu. Seuraava katsastus ennen 10.11.26.<\/p>\n<hr \/>\n<p>Lite medk\u00f6rd supersnygg Trax samma som opel mokka med den p\u00e5litlig 1.6l:s opel ecotec motorn och den h\u00e5llbara femv\u00e4xlad v\u00e4xell\u00e5dan. Fullst sbok, servad senast vid 106400 d\u00e5 \u00e4ven kamremmen blev bytt. 2 x bra d\u00e4ck\/aluf\u00e4lgar, backkamera och sensorer, Farth\u00e5llare, Luftkond, Dragkrok, cdradio\/aux\/usb\/bluetooth, Airbagens onoffknapp och isofixf\u00e4sten f\u00f6r barnstol, F\u00f6ljande besiktning f\u00f6re 10.11.26<\/p>\n<p>&nbsp;<\/p>","protected":false},"excerpt":{"rendered":"<ul>\n<li>\n<div class=\"grid-x cell vehicle-all-info__section vehicle-all-info__section-mobile full-row__content showHideTechnicalSection\">\n<div class=\"grid-x cell vehicle-all-info__mobile-details\">\n<div class=\"grid-x cell sub-col-wo-m-12 vehicle-all-info__title hide-until-large\">\n<div class=\"grid-x cell vehicle-all-info__section vehicle-all-info__section-mobile full-row__content showHideTechnicalSection\">\n<div class=\"grid-x cell vehicle-all-info__mobile-details\">\n<div class=\"grid-x cell sub-col-wo-m-12 vehicle-all-info__title hide-until-large\">Turvallisuus<\/div>\n<div class=\"grid-x cell vehicle-all-info__details vehicle-all-info__details-left hide-until-large\">\n<div class=\"grid-x cell vehicle-all-info__details_block\">Ajonvakautusj\u00e4rjestelm\u00e4<\/div>\n<div class=\"grid-x cell vehicle-all-info__details_block\">K\u00e4ynnistyksenesto<\/div>\n<div class=\"grid-x cell vehicle-all-info__details_block\">Lukkiutumattomat jarrut (ABS)<\/div>\n<\/div>\n<div class=\"grid-x cell vehicle-all-info__details vehicle-all-info__details-right hide-until-large\">\n<div class=\"grid-x cell vehicle-all-info__details_block\">Isofix-valmius<\/div>\n<div class=\"grid-x cell vehicle-all-info__details_block\">Luistonestoj\u00e4rjestelm\u00e4<\/div>\n<div class=\"grid-x cell vehicle-all-info__details_block\">Turvatyynyt<\/div>\n<\/div>\n<\/div>\n<\/div>\n<div class=\"grid-x cell vehicle-all-info__section vehicle-all-info__section-mobile full-row__content showHideTechnicalSection\">\n<div class=\"grid-x cell vehicle-all-info__mobile-details\">\n<div class=\"grid-x cell sub-col-wo-m-12 vehicle-all-info__title hide-until-large\">Sis\u00e4tilat ja mukavuudet<\/div>\n<div class=\"grid-x cell vehicle-all-info__details vehicle-all-info__details-left hide-until-large\">\n<div class=\"grid-x cell vehicle-all-info__details_block\">Ajotietokone<\/div>\n<div class=\"grid-x cell vehicle-all-info__details_block\">Kaadettavat takaistuimet<\/div>\n<div class=\"grid-x cell vehicle-all-info__details_block\">Ohjaustehostin<\/div>\n<div class=\"grid-x cell vehicle-all-info__details_block\">Peruutuskamera: Kamera takana<\/div>\n<div class=\"grid-x cell vehicle-all-info__details_block\">S\u00e4hk\u00f6k\u00e4ytt\u00f6iset ikkunat<\/div>\n<\/div>\n<div class=\"grid-x cell vehicle-all-info__details vehicle-all-info__details-right hide-until-large\">\n<div class=\"grid-x cell vehicle-all-info__details_block\">Ilmastointi: Manuaalinen<\/div>\n<div class=\"grid-x cell vehicle-all-info__details_block\">Keskuslukitus: Kaukos\u00e4\u00e4t\u00f6inen<\/div>\n<div class=\"grid-x cell vehicle-all-info__details_block\">Penkinl\u00e4mmittimet<\/div>\n<div class=\"grid-x cell vehicle-all-info__details_block\">Pys\u00e4k\u00f6intitutka<\/div>\n<div class=\"grid-x cell vehicle-all-info__details_block\">Vakionopeudens\u00e4\u00e4din: Perinteinen<\/div>\n<\/div>\n<\/div>\n<\/div>\n<div class=\"grid-x cell vehicle-all-info__section vehicle-all-info__section-mobile full-row__content showHideTechnicalSection\">\n<div class=\"grid-x cell vehicle-all-info__mobile-details\">\n<div class=\"grid-x cell sub-col-wo-m-12 vehicle-all-info__title hide-until-large\">Elektroniikka<\/div>\n<div class=\"grid-x cell vehicle-all-info__details vehicle-all-info__details-left hide-until-large\">\n<div class=\"grid-x cell vehicle-all-info__details_block\">Audio-liit\u00e4nt\u00e4<\/div>\n<div class=\"grid-x cell vehicle-all-info__details_block\">Matkapuhelinvarustus<\/div>\n<div class=\"grid-x cell vehicle-all-info__details_block\">\u00c4\u00e4nentoistoj\u00e4rjestelm\u00e4<\/div>\n<\/div>\n<div class=\"grid-x cell vehicle-all-info__details vehicle-all-info__details-right hide-until-large\">\n<div class=\"grid-x cell vehicle-all-info__details_block\">Bluetooth<\/div>\n<div class=\"grid-x cell vehicle-all-info__details_block\">USB<\/div>\n<\/div>\n<\/div>\n<\/div>\n<div class=\"grid-x cell vehicle-all-info__section vehicle-all-info__section-mobile full-row__content showHideTechnicalSection\">\n<div class=\"grid-x cell vehicle-all-info__mobile-details\">\n<div class=\"grid-x cell sub-col-wo-m-12 vehicle-all-info__title hide-until-large\">Muut<\/div>\n<div class=\"grid-x cell vehicle-all-info__details vehicle-all-info__details-left hide-until-large\">\n<div class=\"grid-x cell vehicle-all-info__details_block\">Huoltokirja: Paperinen<\/div>\n<div class=\"grid-x cell vehicle-all-info__details_block\">Kevytmetallivanteet<\/div>\n<div class=\"grid-x cell vehicle-all-info__details_block\">Sadetunnistin<\/div>\n<\/div>\n<div class=\"grid-x cell vehicle-all-info__details vehicle-all-info__details-right hide-until-large\">\n<div class=\"grid-x cell vehicle-all-info__details_block\">Kahdet renkaat<\/div>\n<div class=\"grid-x cell vehicle-all-info__details_block\">Monitoimiohjauspy\u00f6r\u00e4<\/div>\n<div class=\"grid-x cell vehicle-all-info__details_block\">Vetokoukku<\/div>\n<\/div>\n<\/div>\n<\/div>\n<\/div>\n<\/div>\n<\/div>\n<\/li>\n<\/ul>","protected":false},"featured_media":7121,"comment_status":"open","ping_status":"closed","template":"","meta":[],"product_brand":[],"product_cat":[44],"product_tag":[],"class_list":{"0":"post-6987","1":"product","2":"type-product","3":"status-publish","4":"has-post-thumbnail","6":"product_cat-fordon","8":"first","9":"instock","10":"shipping-taxable","11":"purchasable","12":"product-type-simple"},"_links":{"self":[{"href":"https:\/\/www.auto-trade.fi\/sv\/wp-json\/wp\/v2\/product\/6987","targetHints":{"allow":["GET"]}}],"collection":[{"href":"https:\/\/www.auto-trade.fi\/sv\/wp-json\/wp\/v2\/product"}],"about":[{"href":"https:\/\/www.auto-trade.fi\/sv\/wp-json\/wp\/v2\/types\/product"}],"replies":[{"embeddable":true,"href":"https:\/\/www.auto-trade.fi\/sv\/wp-json\/wp\/v2\/comments?post=6987"}],"wp:featuredmedia":[{"embeddable":true,"href":"https:\/\/www.auto-trade.fi\/sv\/wp-json\/wp\/v2\/media\/7121"}],"wp:attachment":[{"href":"https:\/\/www.auto-trade.fi\/sv\/wp-json\/wp\/v2\/media?parent=6987"}],"wp:term":[{"taxonomy":"product_brand","embeddable":true,"href":"https:\/\/www.auto-trade.fi\/sv\/wp-json\/wp\/v2\/product_brand?post=6987"},{"taxonomy":"product_cat","embeddable":true,"href":"https:\/\/www.auto-trade.fi\/sv\/wp-json\/wp\/v2\/product_cat?post=6987"},{"taxonomy":"product_tag","embeddable":true,"href":"https:\/\/www.auto-trade.fi\/sv\/wp-json\/wp\/v2\/product_tag?post=6987"}],"curies":[{"name":"wp","href":"https:\/\/api.w.org\/{rel}","templated":true}]}}