{"id":7042,"date":"2026-03-26T14:03:58","date_gmt":"2026-03-26T13:03:58","guid":{"rendered":"https:\/\/www.auto-trade.fi\/?post_type=product&#038;p=7042"},"modified":"2026-03-31T12:10:08","modified_gmt":"2026-03-31T10:10:08","slug":"nissan-note-2","status":"publish","type":"product","link":"https:\/\/www.auto-trade.fi\/sv\/produkt\/nissan-note-2\/","title":{"rendered":"Nissan Note"},"content":{"rendered":"<p class=\"remove-all-margins\">T\u00e4st\u00e4 sopivasti siisti viisovinen bensapihi korkeahko Note kest\u00e4v\u00e4ll\u00e4 japsiketjukoneella. 2 x hyv\u00e4t renkaat, hyv\u00e4 huoltokirja, huollettu viimeksi 190tkm kohdalla, ESP ajonvakautus, cdradio, ilmastointi, 2 x avainta, keskuslukitus, Airbagin onoffnappi + isofixkiinnikkeet lastenistuimille,<br \/>\nTakaistuin siirrett\u00e4v\u00e4 eteen ja taakse jos tavaratilaa tarvitaan enemm\u00e4n. Toimii hienosti moottoriltaan ja voimansiirroltaan. Seuraava katsastus 4\/2027<\/p>\n<hr \/>\n<p>F\u00f6rm\u00e5nligt en snygg metallicr\u00f6d br\u00e4nslesn\u00e5l h\u00f6gaktiga femd\u00f6rrars Note med slitstark japansk kedjemotor, 2 x bra d\u00e4ck, bra servicebok, servad senast vid 190tkm, ESP K\u00f6rstab. Centrall\u00e5s 2 x nycklar, cdspelare, Airbagens onoffknapp och isofixf\u00e4sten f\u00f6r barnstol, Baks\u00e4tet kan flyttas fram\/bak om man beh\u00f6ver mera lastutrymme, &#8211; N\u00e4sta besiktning 4\/27.<\/p>\n<p>&nbsp;<\/p>","protected":false},"excerpt":{"rendered":"<p>T\u00e4st\u00e4 sopivasti siisti viisovinen bensapihi korkeahko Note kest\u00e4v\u00e4ll\u00e4 japsiketjukoneella. 2 [&hellip;]<\/p>\n","protected":false},"featured_media":7047,"comment_status":"open","ping_status":"closed","template":"","meta":[],"product_brand":[],"product_cat":[44],"product_tag":[],"class_list":{"0":"post-7042","1":"product","2":"type-product","3":"status-publish","4":"has-post-thumbnail","6":"product_cat-fordon","8":"first","9":"instock","10":"shipping-taxable","11":"purchasable","12":"product-type-simple"},"_links":{"self":[{"href":"https:\/\/www.auto-trade.fi\/sv\/wp-json\/wp\/v2\/product\/7042","targetHints":{"allow":["GET"]}}],"collection":[{"href":"https:\/\/www.auto-trade.fi\/sv\/wp-json\/wp\/v2\/product"}],"about":[{"href":"https:\/\/www.auto-trade.fi\/sv\/wp-json\/wp\/v2\/types\/product"}],"replies":[{"embeddable":true,"href":"https:\/\/www.auto-trade.fi\/sv\/wp-json\/wp\/v2\/comments?post=7042"}],"wp:featuredmedia":[{"embeddable":true,"href":"https:\/\/www.auto-trade.fi\/sv\/wp-json\/wp\/v2\/media\/7047"}],"wp:attachment":[{"href":"https:\/\/www.auto-trade.fi\/sv\/wp-json\/wp\/v2\/media?parent=7042"}],"wp:term":[{"taxonomy":"product_brand","embeddable":true,"href":"https:\/\/www.auto-trade.fi\/sv\/wp-json\/wp\/v2\/product_brand?post=7042"},{"taxonomy":"product_cat","embeddable":true,"href":"https:\/\/www.auto-trade.fi\/sv\/wp-json\/wp\/v2\/product_cat?post=7042"},{"taxonomy":"product_tag","embeddable":true,"href":"https:\/\/www.auto-trade.fi\/sv\/wp-json\/wp\/v2\/product_tag?post=7042"}],"curies":[{"name":"wp","href":"https:\/\/api.w.org\/{rel}","templated":true}]}}