{"id":7079,"date":"2026-04-08T14:36:23","date_gmt":"2026-04-08T12:36:23","guid":{"rendered":"https:\/\/www.auto-trade.fi\/?post_type=product&#038;p=7079"},"modified":"2026-04-08T14:42:42","modified_gmt":"2026-04-08T12:42:42","slug":"nissan-micra","status":"publish","type":"product","link":"https:\/\/www.auto-trade.fi\/sv\/produkt\/nissan-micra\/","title":{"rendered":"Nissan Micra"},"content":{"rendered":"<p class=\"remove-all-margins\">Siistikuntoinen bensappihi Micra, juuri katsastettu 1.4.26, 2x renkaat, uudet kes\u00e4renkaat, ja uudenveroiset nastarenkaat, vetokoukku, ilmastointi, kaukolukko, huoltokirja, cd-aux soitin<\/p>\n<hr \/>\n<p>Snygg br\u00e4nslesn\u00e5l Micra, nybesiktad, 2x d\u00e4ck s\u00e5 gott som nya, dragkrok, luftkonditionering, fj\u00e4rr centrall\u00e5s, servicebok, cd-aux stereo<\/p>\n<p>&nbsp;<\/p>","protected":false},"excerpt":{"rendered":"<ul>\n<li>\n<div class=\"grid-x cell vehicle-all-info__section vehicle-all-info__section-mobile full-row__content showHideTechnicalSection\">\n<div class=\"grid-x cell vehicle-all-info__mobile-details\">\n<div class=\"grid-x cell sub-col-wo-m-12 vehicle-all-info__title hide-until-large\">\n<div class=\"grid-x cell vehicle-all-info__section vehicle-all-info__section-mobile full-row__content showHideTechnicalSection\">\n<div class=\"grid-x cell vehicle-all-info__mobile-details\">\n<div class=\"grid-x cell sub-col-wo-m-12 vehicle-all-info__title hide-until-large\">Turvallisuus<\/div>\n<div class=\"grid-x cell vehicle-all-info__details vehicle-all-info__details-left hide-until-large\">\n<div class=\"grid-x cell vehicle-all-info__details_block\">K\u00e4ynnistyksenesto<\/div>\n<div class=\"grid-x cell vehicle-all-info__details_block\">Turvatyynyt<\/div>\n<\/div>\n<div class=\"grid-x cell vehicle-all-info__details vehicle-all-info__details-right hide-until-large\">\n<div class=\"grid-x cell vehicle-all-info__details_block\">Lukkiutumattomat jarrut (ABS)<\/div>\n<\/div>\n<\/div>\n<\/div>\n<div class=\"grid-x cell vehicle-all-info__section vehicle-all-info__section-mobile full-row__content showHideTechnicalSection\">\n<div class=\"grid-x cell vehicle-all-info__mobile-details\">\n<div class=\"grid-x cell sub-col-wo-m-12 vehicle-all-info__title hide-until-large\">Sis\u00e4tilat ja mukavuudet<\/div>\n<div class=\"grid-x cell vehicle-all-info__details vehicle-all-info__details-left hide-until-large\">\n<div class=\"grid-x cell vehicle-all-info__details_block\">Ilmastointi: Manuaalinen<\/div>\n<div class=\"grid-x cell vehicle-all-info__details_block\">Lohkol\u00e4mmitin \/ moottoril\u00e4mmitin<\/div>\n<div class=\"grid-x cell vehicle-all-info__details_block\">Penkinl\u00e4mmittimet<\/div>\n<div class=\"grid-x cell vehicle-all-info__details_block\">S\u00e4hk\u00f6peilit<\/div>\n<\/div>\n<div class=\"grid-x cell vehicle-all-info__details vehicle-all-info__details-right hide-until-large\">\n<div class=\"grid-x cell vehicle-all-info__details_block\">Keskuslukitus: Kaukos\u00e4\u00e4t\u00f6inen<\/div>\n<div class=\"grid-x cell vehicle-all-info__details_block\">Ohjaustehostin<\/div>\n<div class=\"grid-x cell vehicle-all-info__details_block\">S\u00e4hk\u00f6k\u00e4ytt\u00f6iset ikkunat<\/div>\n<\/div>\n<\/div>\n<\/div>\n<div class=\"grid-x cell vehicle-all-info__section vehicle-all-info__section-mobile full-row__content showHideTechnicalSection\">\n<div class=\"grid-x cell vehicle-all-info__mobile-details\">\n<div class=\"grid-x cell sub-col-wo-m-12 vehicle-all-info__title hide-until-large\">Elektroniikka<\/div>\n<div class=\"grid-x cell vehicle-all-info__details vehicle-all-info__details-left hide-until-large\">\n<div class=\"grid-x cell vehicle-all-info__details_block\">Audio-liit\u00e4nt\u00e4<\/div>\n<\/div>\n<div class=\"grid-x cell vehicle-all-info__details vehicle-all-info__details-right hide-until-large\"><\/div>\n<\/div>\n<\/div>\n<div class=\"grid-x cell vehicle-all-info__section vehicle-all-info__section-mobile full-row__content showHideTechnicalSection\">\n<div class=\"grid-x cell vehicle-all-info__mobile-details\">\n<div class=\"grid-x cell sub-col-wo-m-12 vehicle-all-info__title hide-until-large\">Muut<\/div>\n<div class=\"grid-x cell vehicle-all-info__details vehicle-all-info__details-left hide-until-large\">\n<div class=\"grid-x cell vehicle-all-info__details_block\">Huoltokirja: Paperinen<\/div>\n<div class=\"grid-x cell vehicle-all-info__details_block\">Vetokoukku<\/div>\n<\/div>\n<div class=\"grid-x cell vehicle-all-info__details vehicle-all-info__details-right hide-until-large\">\n<div class=\"grid-x cell vehicle-all-info__details_block\">Kahdet renkaat<\/div>\n<\/div>\n<\/div>\n<\/div>\n<\/div>\n<\/div>\n<\/div>\n<\/li>\n<\/ul>","protected":false},"featured_media":7084,"comment_status":"open","ping_status":"closed","template":"","meta":[],"product_brand":[],"product_cat":[44],"product_tag":[],"class_list":{"0":"post-7079","1":"product","2":"type-product","3":"status-publish","4":"has-post-thumbnail","6":"product_cat-fordon","8":"first","9":"instock","10":"shipping-taxable","11":"purchasable","12":"product-type-simple"},"_links":{"self":[{"href":"https:\/\/www.auto-trade.fi\/sv\/wp-json\/wp\/v2\/product\/7079","targetHints":{"allow":["GET"]}}],"collection":[{"href":"https:\/\/www.auto-trade.fi\/sv\/wp-json\/wp\/v2\/product"}],"about":[{"href":"https:\/\/www.auto-trade.fi\/sv\/wp-json\/wp\/v2\/types\/product"}],"replies":[{"embeddable":true,"href":"https:\/\/www.auto-trade.fi\/sv\/wp-json\/wp\/v2\/comments?post=7079"}],"wp:featuredmedia":[{"embeddable":true,"href":"https:\/\/www.auto-trade.fi\/sv\/wp-json\/wp\/v2\/media\/7084"}],"wp:attachment":[{"href":"https:\/\/www.auto-trade.fi\/sv\/wp-json\/wp\/v2\/media?parent=7079"}],"wp:term":[{"taxonomy":"product_brand","embeddable":true,"href":"https:\/\/www.auto-trade.fi\/sv\/wp-json\/wp\/v2\/product_brand?post=7079"},{"taxonomy":"product_cat","embeddable":true,"href":"https:\/\/www.auto-trade.fi\/sv\/wp-json\/wp\/v2\/product_cat?post=7079"},{"taxonomy":"product_tag","embeddable":true,"href":"https:\/\/www.auto-trade.fi\/sv\/wp-json\/wp\/v2\/product_tag?post=7079"}],"curies":[{"name":"wp","href":"https:\/\/api.w.org\/{rel}","templated":true}]}}