{"id":7086,"date":"2026-04-08T14:43:25","date_gmt":"2026-04-08T12:43:25","guid":{"rendered":"https:\/\/www.auto-trade.fi\/?post_type=product&#038;p=7086"},"modified":"2026-04-08T14:48:18","modified_gmt":"2026-04-08T12:48:18","slug":"opel-astra","status":"publish","type":"product","link":"https:\/\/www.auto-trade.fi\/sv\/produkt\/opel-astra\/","title":{"rendered":"Opel Astra"},"content":{"rendered":"<p class=\"remove-all-margins\">T\u00e4st\u00e4 sopivasti tosisiisti perusastra parhaalla 1.6 bensakoneella ilman turboa ja kest\u00e4v\u00e4ll\u00e4 5-vaiht laatikolla. T\u00e4yd hkirja, juuri huollettu. 2 x hyv\u00e4t renkaat, alut kes\u00e4py\u00f6riss\u00e4 ja uudehkot nastat talvipy\u00f6riss\u00e4, Ilmastointi, Vakkari, Moottoril\u00e4mmitin, Airbagin onoffnappi + isofixkiinnikket, Ajonvakautus, cdradio\/aux\/matkapuhelinvarustus\/mp3, bensapihi 5.1l\/maantie ja yhd.kulutus 6,3l\/100km, ajotietokone, Vetokoukku saa vet\u00e4\u00e4 1250kg. Seuraava katsastus 12\/2026.<\/p>\n<hr \/>\n<p>F\u00f6rm\u00e5nligt en snygg v\u00e4lh\u00e5llen opel med fullst\u00e4ndig sbok och nyservad Astra med den h\u00e5llbara 1.6l:s ecotec motorn utan turbo och h\u00e5llbarare 5-v\u00e4xlad l\u00e5dan. 2 x bra d\u00e4ck, aluf. p\u00e5 sommard\u00e4cken och vinterd\u00e4cken med nyaktiga dubbd\u00e4ck,Farth\u00e5llare. Luftkond, K\u00f6rdator, cdspelare\/aux\/mp3\/biltelefon, Airbagens onoffknapp och isofixf\u00e4sten f\u00f6r barnstol. ESP k\u00f6rstab, Motorv\u00e4rm, br\u00e4nslesn\u00e5l med 5.1l\/landsv\u00e4gs och 6.3l\/medelf\u00f6rbrukning p\u00e5 100km. Dragkrok f\u00e5r dra 1250kg. F\u00f6ljande besikning 12\/2026<\/p>\n<p>&nbsp;<\/p>","protected":false},"excerpt":{"rendered":"<ul>\n<li>\n<div class=\"grid-x cell vehicle-all-info__section vehicle-all-info__section-mobile full-row__content showHideTechnicalSection\">\n<div class=\"grid-x cell vehicle-all-info__mobile-details\">\n<div class=\"grid-x cell sub-col-wo-m-12 vehicle-all-info__title hide-until-large\">\n<div class=\"grid-x cell vehicle-all-info__section vehicle-all-info__section-mobile full-row__content showHideTechnicalSection\">\n<div class=\"grid-x cell vehicle-all-info__mobile-details\">\n<div class=\"grid-x cell sub-col-wo-m-12 vehicle-all-info__title hide-until-large\">Turvallisuus<\/div>\n<div class=\"grid-x cell vehicle-all-info__details vehicle-all-info__details-left hide-until-large\">\n<div class=\"grid-x cell vehicle-all-info__details_block\">Ajonvakautusj\u00e4rjestelm\u00e4<\/div>\n<div class=\"grid-x cell vehicle-all-info__details_block\">K\u00e4ynnistyksenesto<\/div>\n<div class=\"grid-x cell vehicle-all-info__details_block\">Lukkiutumattomat jarrut (ABS)<\/div>\n<div class=\"grid-x cell vehicle-all-info__details_block\">Turvatyynyt<\/div>\n<\/div>\n<div class=\"grid-x cell vehicle-all-info__details vehicle-all-info__details-right hide-until-large\">\n<div class=\"grid-x cell vehicle-all-info__details_block\">Isofix-valmius<\/div>\n<div class=\"grid-x cell vehicle-all-info__details_block\">Luistonestoj\u00e4rjestelm\u00e4<\/div>\n<div class=\"grid-x cell vehicle-all-info__details_block\">Sumuvalot<\/div>\n<\/div>\n<\/div>\n<\/div>\n<div class=\"grid-x cell vehicle-all-info__section vehicle-all-info__section-mobile full-row__content showHideTechnicalSection\">\n<div class=\"grid-x cell vehicle-all-info__mobile-details\">\n<div class=\"grid-x cell sub-col-wo-m-12 vehicle-all-info__title hide-until-large\">Sis\u00e4tilat ja mukavuudet<\/div>\n<div class=\"grid-x cell vehicle-all-info__details vehicle-all-info__details-left hide-until-large\">\n<div class=\"grid-x cell vehicle-all-info__details_block\">Ajotietokone<\/div>\n<div class=\"grid-x cell vehicle-all-info__details_block\">Kaadettavat takaistuimet<\/div>\n<div class=\"grid-x cell vehicle-all-info__details_block\">Lohkol\u00e4mmitin \/ moottoril\u00e4mmitin<\/div>\n<div class=\"grid-x cell vehicle-all-info__details_block\">Penkinl\u00e4mmittimet<\/div>\n<div class=\"grid-x cell vehicle-all-info__details_block\">S\u00e4hk\u00f6k\u00e4ytt\u00f6iset ikkunat<\/div>\n<div class=\"grid-x cell vehicle-all-info__details_block\">Vakionopeudens\u00e4\u00e4din: Perinteinen<\/div>\n<\/div>\n<div class=\"grid-x cell vehicle-all-info__details vehicle-all-info__details-right hide-until-large\">\n<div class=\"grid-x cell vehicle-all-info__details_block\">Ilmastointi: Manuaalinen<\/div>\n<div class=\"grid-x cell vehicle-all-info__details_block\">Keskuslukitus: Kaukos\u00e4\u00e4t\u00f6inen<\/div>\n<div class=\"grid-x cell vehicle-all-info__details_block\">Ohjaustehostin<\/div>\n<div class=\"grid-x cell vehicle-all-info__details_block\">Suksiluukku<\/div>\n<div class=\"grid-x cell vehicle-all-info__details_block\">S\u00e4hk\u00f6peilit<\/div>\n<\/div>\n<\/div>\n<\/div>\n<div class=\"grid-x cell vehicle-all-info__section vehicle-all-info__section-mobile full-row__content showHideTechnicalSection\">\n<div class=\"grid-x cell vehicle-all-info__mobile-details\">\n<div class=\"grid-x cell sub-col-wo-m-12 vehicle-all-info__title hide-until-large\">Elektroniikka<\/div>\n<div class=\"grid-x cell vehicle-all-info__details vehicle-all-info__details-left hide-until-large\">\n<div class=\"grid-x cell vehicle-all-info__details_block\">Audio-liit\u00e4nt\u00e4<\/div>\n<div class=\"grid-x cell vehicle-all-info__details_block\">\u00c4\u00e4nentoistoj\u00e4rjestelm\u00e4<\/div>\n<\/div>\n<div class=\"grid-x cell vehicle-all-info__details vehicle-all-info__details-right hide-until-large\">\n<div class=\"grid-x cell vehicle-all-info__details_block\">Matkapuhelinvarustus<\/div>\n<\/div>\n<\/div>\n<\/div>\n<div class=\"grid-x cell vehicle-all-info__section vehicle-all-info__section-mobile full-row__content showHideTechnicalSection\">\n<div class=\"grid-x cell vehicle-all-info__mobile-details\">\n<div class=\"grid-x cell sub-col-wo-m-12 vehicle-all-info__title hide-until-large\">Muut<\/div>\n<div class=\"grid-x cell vehicle-all-info__details vehicle-all-info__details-left hide-until-large\">\n<div class=\"grid-x cell vehicle-all-info__details_block\">Huoltokirja: Paperinen<\/div>\n<div class=\"grid-x cell vehicle-all-info__details_block\">Kevytmetallivanteet<\/div>\n<div class=\"grid-x cell vehicle-all-info__details_block\">Sadetunnistin<\/div>\n<\/div>\n<div class=\"grid-x cell vehicle-all-info__details vehicle-all-info__details-right hide-until-large\">\n<div class=\"grid-x cell vehicle-all-info__details_block\">Kahdet renkaat<\/div>\n<div class=\"grid-x cell vehicle-all-info__details_block\">Monitoimiohjauspy\u00f6r\u00e4<\/div>\n<div class=\"grid-x cell vehicle-all-info__details_block\">Vetokoukku<\/div>\n<\/div>\n<\/div>\n<\/div>\n<\/div>\n<\/div>\n<\/div>\n<\/li>\n<\/ul>","protected":false},"featured_media":7090,"comment_status":"open","ping_status":"closed","template":"","meta":[],"product_brand":[],"product_cat":[44],"product_tag":[],"class_list":{"0":"post-7086","1":"product","2":"type-product","3":"status-publish","4":"has-post-thumbnail","6":"product_cat-fordon","8":"first","9":"instock","10":"shipping-taxable","11":"purchasable","12":"product-type-simple"},"_links":{"self":[{"href":"https:\/\/www.auto-trade.fi\/sv\/wp-json\/wp\/v2\/product\/7086","targetHints":{"allow":["GET"]}}],"collection":[{"href":"https:\/\/www.auto-trade.fi\/sv\/wp-json\/wp\/v2\/product"}],"about":[{"href":"https:\/\/www.auto-trade.fi\/sv\/wp-json\/wp\/v2\/types\/product"}],"replies":[{"embeddable":true,"href":"https:\/\/www.auto-trade.fi\/sv\/wp-json\/wp\/v2\/comments?post=7086"}],"wp:featuredmedia":[{"embeddable":true,"href":"https:\/\/www.auto-trade.fi\/sv\/wp-json\/wp\/v2\/media\/7090"}],"wp:attachment":[{"href":"https:\/\/www.auto-trade.fi\/sv\/wp-json\/wp\/v2\/media?parent=7086"}],"wp:term":[{"taxonomy":"product_brand","embeddable":true,"href":"https:\/\/www.auto-trade.fi\/sv\/wp-json\/wp\/v2\/product_brand?post=7086"},{"taxonomy":"product_cat","embeddable":true,"href":"https:\/\/www.auto-trade.fi\/sv\/wp-json\/wp\/v2\/product_cat?post=7086"},{"taxonomy":"product_tag","embeddable":true,"href":"https:\/\/www.auto-trade.fi\/sv\/wp-json\/wp\/v2\/product_tag?post=7086"}],"curies":[{"name":"wp","href":"https:\/\/api.w.org\/{rel}","templated":true}]}}