{"id":7173,"date":"2026-04-23T10:05:21","date_gmt":"2026-04-23T08:05:21","guid":{"rendered":"https:\/\/www.auto-trade.fi\/?post_type=product&#038;p=7173"},"modified":"2026-04-23T10:37:05","modified_gmt":"2026-04-23T08:37:05","slug":"volvo-v40","status":"publish","type":"product","link":"https:\/\/www.auto-trade.fi\/sv\/produkt\/volvo-v40\/","title":{"rendered":"Volvo V40"},"content":{"rendered":"<p class=\"remove-all-margins\">Pienikulutuksinen V40 diesel Momentum varustetasolla, 2x renkaat aluvantein, vetokoukku, aut ilmastointi, vakionopeuden s\u00e4\u00e4din, BT hf ja audio, puolinahkasisusta, xenon-ajovalot, huoltokirja, juuri huollettu, kats 07-2025, verot 499\u20ac\/v, keskikulutus 3,6L<\/p>\n<hr \/>\n<p>Br\u00e4nslesn\u00e5l V40 diesel med Momentum utrustningsniv\u00e5, 2x d\u00e4ck p\u00e5 aluf\u00e4lgar, dragkrok, aut a\/c, farth\u00e5llare, BT hf och audio, halvl\u00e4der kl\u00e4dsel, xenon k\u00f6rljus, servicebok, nyligen servad, besiktad 07-2025, skatt 499\u20ac\/\u00e5r, blandad f\u00f6rbrukning 3.6L<\/p>\n<p>&nbsp;<\/p>","protected":false},"excerpt":{"rendered":"<ul>\n<li>\n<div class=\"grid-x cell vehicle-all-info__section vehicle-all-info__section-mobile full-row__content showHideTechnicalSection\">\n<div class=\"grid-x cell vehicle-all-info__mobile-details\">\n<div class=\"grid-x cell sub-col-wo-m-12 vehicle-all-info__title hide-until-large\">\n<div class=\"grid-x cell vehicle-all-info__section vehicle-all-info__section-mobile full-row__content showHideTechnicalSection\">\n<div class=\"grid-x cell vehicle-all-info__mobile-details\">\n<div class=\"grid-x cell sub-col-wo-m-12 vehicle-all-info__title hide-until-large\">Turvallisuus<\/div>\n<div class=\"grid-x cell vehicle-all-info__details vehicle-all-info__details-left hide-until-large\">\n<div class=\"grid-x cell vehicle-all-info__details_block\">Isofix-valmius<\/div>\n<div class=\"grid-x cell vehicle-all-info__details_block\">Luistonestoj\u00e4rjestelm\u00e4<\/div>\n<div class=\"grid-x cell vehicle-all-info__details_block\">Sumuvalot<\/div>\n<div class=\"grid-x cell vehicle-all-info__details_block\">Varash\u00e4lytin<\/div>\n<\/div>\n<div class=\"grid-x cell vehicle-all-info__details vehicle-all-info__details-right hide-until-large\">\n<div class=\"grid-x cell vehicle-all-info__details_block\">K\u00e4ynnistyksenesto<\/div>\n<div class=\"grid-x cell vehicle-all-info__details_block\">Lukkiutumattomat jarrut (ABS)<\/div>\n<div class=\"grid-x cell vehicle-all-info__details_block\">Turvatyynyt<\/div>\n<div class=\"grid-x cell vehicle-all-info__details_block\">Xenon-ajovalot<\/div>\n<\/div>\n<\/div>\n<\/div>\n<div class=\"grid-x cell vehicle-all-info__section vehicle-all-info__section-mobile full-row__content showHideTechnicalSection\">\n<div class=\"grid-x cell vehicle-all-info__mobile-details\">\n<div class=\"grid-x cell sub-col-wo-m-12 vehicle-all-info__title hide-until-large\">Sis\u00e4tilat ja mukavuudet<\/div>\n<div class=\"grid-x cell vehicle-all-info__details vehicle-all-info__details-left hide-until-large\">\n<div class=\"grid-x cell vehicle-all-info__details_block\">Ajotietokone<\/div>\n<div class=\"grid-x cell vehicle-all-info__details_block\">Kaadettavat takaistuimet<\/div>\n<div class=\"grid-x cell vehicle-all-info__details_block\">Ohjaustehostin<\/div>\n<div class=\"grid-x cell vehicle-all-info__details_block\">Pys\u00e4k\u00f6intitutka<\/div>\n<div class=\"grid-x cell vehicle-all-info__details_block\">Suksiluukku<\/div>\n<div class=\"grid-x cell vehicle-all-info__details_block\">S\u00e4hk\u00f6peilit<\/div>\n<\/div>\n<div class=\"grid-x cell vehicle-all-info__details vehicle-all-info__details-right hide-until-large\">\n<div class=\"grid-x cell vehicle-all-info__details_block\">Ilmastointi: Automaattinen<\/div>\n<div class=\"grid-x cell vehicle-all-info__details_block\">Keskuslukitus: Kaukos\u00e4\u00e4t\u00f6inen<\/div>\n<div class=\"grid-x cell vehicle-all-info__details_block\">Penkinl\u00e4mmittimet<\/div>\n<div class=\"grid-x cell vehicle-all-info__details_block\">Start-stop-j\u00e4rjestelm\u00e4<\/div>\n<div class=\"grid-x cell vehicle-all-info__details_block\">S\u00e4hk\u00f6k\u00e4ytt\u00f6iset ikkunat<\/div>\n<div class=\"grid-x cell vehicle-all-info__details_block\">Vakionopeudens\u00e4\u00e4din: Perinteinen<\/div>\n<\/div>\n<\/div>\n<\/div>\n<div class=\"grid-x cell vehicle-all-info__section vehicle-all-info__section-mobile full-row__content showHideTechnicalSection\">\n<div class=\"grid-x cell vehicle-all-info__mobile-details\">\n<div class=\"grid-x cell sub-col-wo-m-12 vehicle-all-info__title hide-until-large\">Elektroniikka<\/div>\n<div class=\"grid-x cell vehicle-all-info__details vehicle-all-info__details-left hide-until-large\">\n<div class=\"grid-x cell vehicle-all-info__details_block\">Audio-liit\u00e4nt\u00e4<\/div>\n<div class=\"grid-x cell vehicle-all-info__details_block\">Matkapuhelinvarustus<\/div>\n<\/div>\n<div class=\"grid-x cell vehicle-all-info__details vehicle-all-info__details-right hide-until-large\">\n<div class=\"grid-x cell vehicle-all-info__details_block\">Bluetooth<\/div>\n<div class=\"grid-x cell vehicle-all-info__details_block\">USB<\/div>\n<\/div>\n<\/div>\n<\/div>\n<div class=\"grid-x cell vehicle-all-info__section vehicle-all-info__section-mobile full-row__content showHideTechnicalSection\">\n<div class=\"grid-x cell vehicle-all-info__mobile-details\">\n<div class=\"grid-x cell sub-col-wo-m-12 vehicle-all-info__title hide-until-large\">Muut<\/div>\n<div class=\"grid-x cell vehicle-all-info__details vehicle-all-info__details-left hide-until-large\">\n<div class=\"grid-x cell vehicle-all-info__details_block\">Huoltokirja: Paperinen<\/div>\n<div class=\"grid-x cell vehicle-all-info__details_block\">Kevytmetallivanteet<\/div>\n<div class=\"grid-x cell vehicle-all-info__details_block\">Sadetunnistin<\/div>\n<div class=\"grid-x cell vehicle-all-info__details_block\">Vetokoukku<\/div>\n<\/div>\n<div class=\"grid-x cell vehicle-all-info__details vehicle-all-info__details-right hide-until-large\">\n<div class=\"grid-x cell vehicle-all-info__details_block\">Kahdet renkaat<\/div>\n<div class=\"grid-x cell vehicle-all-info__details_block\">Monitoimiohjauspy\u00f6r\u00e4<\/div>\n<div class=\"grid-x cell vehicle-all-info__details_block\">Turbo<\/div>\n<\/div>\n<\/div>\n<\/div>\n<\/div>\n<\/div>\n<\/div>\n<\/li>\n<\/ul>","protected":false},"featured_media":7178,"comment_status":"open","ping_status":"closed","template":"","meta":[],"product_brand":[],"product_cat":[44],"product_tag":[],"class_list":{"0":"post-7173","1":"product","2":"type-product","3":"status-publish","4":"has-post-thumbnail","6":"product_cat-fordon","8":"first","9":"instock","10":"shipping-taxable","11":"purchasable","12":"product-type-simple"},"_links":{"self":[{"href":"https:\/\/www.auto-trade.fi\/sv\/wp-json\/wp\/v2\/product\/7173","targetHints":{"allow":["GET"]}}],"collection":[{"href":"https:\/\/www.auto-trade.fi\/sv\/wp-json\/wp\/v2\/product"}],"about":[{"href":"https:\/\/www.auto-trade.fi\/sv\/wp-json\/wp\/v2\/types\/product"}],"replies":[{"embeddable":true,"href":"https:\/\/www.auto-trade.fi\/sv\/wp-json\/wp\/v2\/comments?post=7173"}],"wp:featuredmedia":[{"embeddable":true,"href":"https:\/\/www.auto-trade.fi\/sv\/wp-json\/wp\/v2\/media\/7178"}],"wp:attachment":[{"href":"https:\/\/www.auto-trade.fi\/sv\/wp-json\/wp\/v2\/media?parent=7173"}],"wp:term":[{"taxonomy":"product_brand","embeddable":true,"href":"https:\/\/www.auto-trade.fi\/sv\/wp-json\/wp\/v2\/product_brand?post=7173"},{"taxonomy":"product_cat","embeddable":true,"href":"https:\/\/www.auto-trade.fi\/sv\/wp-json\/wp\/v2\/product_cat?post=7173"},{"taxonomy":"product_tag","embeddable":true,"href":"https:\/\/www.auto-trade.fi\/sv\/wp-json\/wp\/v2\/product_tag?post=7173"}],"curies":[{"name":"wp","href":"https:\/\/api.w.org\/{rel}","templated":true}]}}