{"id":7197,"date":"2026-05-02T09:24:22","date_gmt":"2026-05-02T07:24:22","guid":{"rendered":"https:\/\/www.auto-trade.fi\/?post_type=product&#038;p=7197"},"modified":"2026-05-02T09:31:08","modified_gmt":"2026-05-02T07:31:08","slug":"honda-civic-2","status":"publish","type":"product","link":"https:\/\/www.auto-trade.fi\/sv\/produkt\/honda-civic-2\/","title":{"rendered":"Honda Civic"},"content":{"rendered":"<p class=\"remove-all-margins\">Siisti Civic 2 x tosi hyv\u00e4ll\u00e4 renkailla aluvantein, aut. ilmastointi, Isofix-kiinnikkeet lastenistuimille, 2 x kaukoavaimet, CD-radio, AUX, sadetunnistin, ajotietokone, moottoril\u00e4mmitin +sis\u00e4p., vetokoukku, hyv\u00e4 huoltokirja, edellinen huolto 191000km y.m.<\/p>\n<p>Sopivasti kest\u00e4v\u00e4ll\u00e4 1.8 ketjumoottorilla.<\/p>\n<hr \/>\n<p>V\u00e4ldigt fin Civic med 2 x mycket bra d\u00e4ck p\u00e5 aluf\u00e4lgar, automatisk AC, Isofix-f\u00e4sten f\u00f6r barnstol, 2 x fj\u00e4rrstyrda nycklar, CD-radio, AUX, regnsensor, k\u00f6rdator, motorv\u00e4rmare +kupeuttag, dragkrok, bra s-bok, senaste service vid 191000km m.m.<\/p>\n<p>F\u00f6rm\u00e5nligt slitstark Civic med 1.8 liters kedjemotor.<\/p>\n<p>&nbsp;<\/p>","protected":false},"excerpt":{"rendered":"<p>Siisti Civic 2 x tosi hyv\u00e4ll\u00e4 renkailla aluvantein, aut. ilmastointi, [&hellip;]<\/p>\n","protected":false},"featured_media":7198,"comment_status":"open","ping_status":"closed","template":"","meta":[],"product_brand":[],"product_cat":[44],"product_tag":[],"class_list":{"0":"post-7197","1":"product","2":"type-product","3":"status-publish","4":"has-post-thumbnail","6":"product_cat-fordon","8":"first","9":"instock","10":"shipping-taxable","11":"purchasable","12":"product-type-simple"},"_links":{"self":[{"href":"https:\/\/www.auto-trade.fi\/sv\/wp-json\/wp\/v2\/product\/7197","targetHints":{"allow":["GET"]}}],"collection":[{"href":"https:\/\/www.auto-trade.fi\/sv\/wp-json\/wp\/v2\/product"}],"about":[{"href":"https:\/\/www.auto-trade.fi\/sv\/wp-json\/wp\/v2\/types\/product"}],"replies":[{"embeddable":true,"href":"https:\/\/www.auto-trade.fi\/sv\/wp-json\/wp\/v2\/comments?post=7197"}],"wp:featuredmedia":[{"embeddable":true,"href":"https:\/\/www.auto-trade.fi\/sv\/wp-json\/wp\/v2\/media\/7198"}],"wp:attachment":[{"href":"https:\/\/www.auto-trade.fi\/sv\/wp-json\/wp\/v2\/media?parent=7197"}],"wp:term":[{"taxonomy":"product_brand","embeddable":true,"href":"https:\/\/www.auto-trade.fi\/sv\/wp-json\/wp\/v2\/product_brand?post=7197"},{"taxonomy":"product_cat","embeddable":true,"href":"https:\/\/www.auto-trade.fi\/sv\/wp-json\/wp\/v2\/product_cat?post=7197"},{"taxonomy":"product_tag","embeddable":true,"href":"https:\/\/www.auto-trade.fi\/sv\/wp-json\/wp\/v2\/product_tag?post=7197"}],"curies":[{"name":"wp","href":"https:\/\/api.w.org\/{rel}","templated":true}]}}