{"id":7211,"date":"2026-05-02T09:44:07","date_gmt":"2026-05-02T07:44:07","guid":{"rendered":"https:\/\/www.auto-trade.fi\/?post_type=product&#038;p=7211"},"modified":"2026-05-02T09:48:55","modified_gmt":"2026-05-02T07:48:55","slug":"renault-trafic","status":"publish","type":"product","link":"https:\/\/www.auto-trade.fi\/sv\/produkt\/renault-trafic\/","title":{"rendered":"Renault Trafic"},"content":{"rendered":"<p class=\"remove-all-margins\">Eritt\u00e4in hyv\u00e4 v\u00e4h\u00e4n ajettu pakettiauto hyv\u00e4ll\u00e4 huoltokirjalla ja juuri huollettu.\u00f6ljyt\/suod, ilma\/raitisilmasuodatin sek\u00e4 uudet jarrulevyt\/palat eteen. Kest\u00e4v\u00e4 2l:n ketjumoottorilla eik\u00e4 addblueta. Uudenveroiset kes\u00e4renkaat alla nyt. Vetokoukku,Peltinen liukuovi oikealla puolella, Peltinen takaovi lasilla, Radio-CD-MP3, kaukos\u00e4\u00e4t\u00f6 ohjauspy\u00f6r\u00e4ss\u00e4, Bluetooth, Ilmastointi, vaneroitu tavaratila, Istuimet 3:lle. Peruutuskamera ym. Toimii hienosti moottoriltaan ja voimansiirroltaan, My\u00f6s vaihto ja rahoitus, kysy meilt\u00e4 lis\u00e4\u00e4, p. 050 3424190, 050 4444522<\/p>\n<hr \/>\n<p>Toppenbra lite medk\u00f6rd paketbil med bra servicebok och nyservad, olja\/filter, nya bromsskivor\/klossar fram, luft\/friskluftsfilter. H\u00e5llbar 2 liters kedjemotor utan addblue system! &#8211; Nya sommard\u00e4ck under, Dragkrok, fanerad lastutrymme, glidd\u00f6rr p\u00e5 h\u00f6gra sidan. bakd\u00f6rren med f\u00f6nster, Dragkrok, Radio\/cd\/mp3\/bluetooth, Luftkond, S\u00e4ten f\u00f6r 3 personer, Backkamera. Fungerar fint i motor och kraft\u00f6verf\u00f6ring, &#8211; \u00c4ven byte och finansiering, fr\u00e5ga mera av oss tel. 050 3424190, 050 4444522<\/p>\n<p>&nbsp;<\/p>","protected":false},"excerpt":{"rendered":"<p>Eritt\u00e4in hyv\u00e4 v\u00e4h\u00e4n ajettu pakettiauto hyv\u00e4ll\u00e4 huoltokirjalla ja juuri huollettu.\u00f6ljyt\/suod, [&hellip;]<\/p>\n","protected":false},"featured_media":7216,"comment_status":"open","ping_status":"closed","template":"","meta":[],"product_brand":[],"product_cat":[44],"product_tag":[],"class_list":{"0":"post-7211","1":"product","2":"type-product","3":"status-publish","4":"has-post-thumbnail","6":"product_cat-fordon","8":"first","9":"instock","10":"shipping-taxable","11":"purchasable","12":"product-type-simple"},"_links":{"self":[{"href":"https:\/\/www.auto-trade.fi\/sv\/wp-json\/wp\/v2\/product\/7211","targetHints":{"allow":["GET"]}}],"collection":[{"href":"https:\/\/www.auto-trade.fi\/sv\/wp-json\/wp\/v2\/product"}],"about":[{"href":"https:\/\/www.auto-trade.fi\/sv\/wp-json\/wp\/v2\/types\/product"}],"replies":[{"embeddable":true,"href":"https:\/\/www.auto-trade.fi\/sv\/wp-json\/wp\/v2\/comments?post=7211"}],"wp:featuredmedia":[{"embeddable":true,"href":"https:\/\/www.auto-trade.fi\/sv\/wp-json\/wp\/v2\/media\/7216"}],"wp:attachment":[{"href":"https:\/\/www.auto-trade.fi\/sv\/wp-json\/wp\/v2\/media?parent=7211"}],"wp:term":[{"taxonomy":"product_brand","embeddable":true,"href":"https:\/\/www.auto-trade.fi\/sv\/wp-json\/wp\/v2\/product_brand?post=7211"},{"taxonomy":"product_cat","embeddable":true,"href":"https:\/\/www.auto-trade.fi\/sv\/wp-json\/wp\/v2\/product_cat?post=7211"},{"taxonomy":"product_tag","embeddable":true,"href":"https:\/\/www.auto-trade.fi\/sv\/wp-json\/wp\/v2\/product_tag?post=7211"}],"curies":[{"name":"wp","href":"https:\/\/api.w.org\/{rel}","templated":true}]}}