{"id":7218,"date":"2026-05-06T10:53:06","date_gmt":"2026-05-06T08:53:06","guid":{"rendered":"https:\/\/www.auto-trade.fi\/?post_type=product&#038;p=7218"},"modified":"2026-05-06T10:58:50","modified_gmt":"2026-05-06T08:58:50","slug":"kia-rio-2","status":"publish","type":"product","link":"https:\/\/www.auto-trade.fi\/sv\/produkt\/kia-rio-2\/","title":{"rendered":"Kia Rio"},"content":{"rendered":"<p class=\"remove-all-margins\">V\u00e4h\u00e4n ajettu taloudellinen Kia Rio<br \/>\nHuoltokirja, 2x renkaat vanteilla, isofix, ilmastointi, radio\/mp3 soitin, BT handsfree, penkinl\u00e4mmittimet edess\u00e4, metalliv\u00e4ri<\/p>\n<hr \/>\n<p>Lite medk\u00f6rd ekonomisk Kia Rio<br \/>\nServicebok, 2x d\u00e4ck p\u00e5 f\u00e4lgar, Isofix, luftkonditionering, radio\/mp3 spelare, BT handsfree, s\u00e4tesv\u00e4rmare fram, 2x nycklar med fj\u00e4rrstyrt centrl\u00e5s, metallf\u00e4rg<\/p>\n<p>&nbsp;<\/p>","protected":false},"excerpt":{"rendered":"<p>V\u00e4h\u00e4n ajettu taloudellinen Kia Rio Huoltokirja, 2x renkaat vanteilla, isofix, [&hellip;]<\/p>\n","protected":false},"featured_media":7219,"comment_status":"open","ping_status":"closed","template":"","meta":[],"product_brand":[],"product_cat":[44],"product_tag":[],"class_list":{"0":"post-7218","1":"product","2":"type-product","3":"status-publish","4":"has-post-thumbnail","6":"product_cat-fordon","8":"first","9":"instock","10":"shipping-taxable","11":"purchasable","12":"product-type-simple"},"_links":{"self":[{"href":"https:\/\/www.auto-trade.fi\/sv\/wp-json\/wp\/v2\/product\/7218","targetHints":{"allow":["GET"]}}],"collection":[{"href":"https:\/\/www.auto-trade.fi\/sv\/wp-json\/wp\/v2\/product"}],"about":[{"href":"https:\/\/www.auto-trade.fi\/sv\/wp-json\/wp\/v2\/types\/product"}],"replies":[{"embeddable":true,"href":"https:\/\/www.auto-trade.fi\/sv\/wp-json\/wp\/v2\/comments?post=7218"}],"wp:featuredmedia":[{"embeddable":true,"href":"https:\/\/www.auto-trade.fi\/sv\/wp-json\/wp\/v2\/media\/7219"}],"wp:attachment":[{"href":"https:\/\/www.auto-trade.fi\/sv\/wp-json\/wp\/v2\/media?parent=7218"}],"wp:term":[{"taxonomy":"product_brand","embeddable":true,"href":"https:\/\/www.auto-trade.fi\/sv\/wp-json\/wp\/v2\/product_brand?post=7218"},{"taxonomy":"product_cat","embeddable":true,"href":"https:\/\/www.auto-trade.fi\/sv\/wp-json\/wp\/v2\/product_cat?post=7218"},{"taxonomy":"product_tag","embeddable":true,"href":"https:\/\/www.auto-trade.fi\/sv\/wp-json\/wp\/v2\/product_tag?post=7218"}],"curies":[{"name":"wp","href":"https:\/\/api.w.org\/{rel}","templated":true}]}}