{"id":7238,"date":"2026-05-11T10:29:23","date_gmt":"2026-05-11T08:29:23","guid":{"rendered":"https:\/\/www.auto-trade.fi\/?post_type=product&#038;p=7238"},"modified":"2026-05-11T10:48:10","modified_gmt":"2026-05-11T08:48:10","slug":"volkswagen-golf","status":"publish","type":"product","link":"https:\/\/www.auto-trade.fi\/sv\/produkt\/volkswagen-golf\/","title":{"rendered":"Volkswagen Golf"},"content":{"rendered":"<p class=\"remove-all-margins\">Hieno Comfortline varusteltu kaasugolf, 17.3kg kaasus\u00e4ili\u00f6 sek\u00e4 10L bensatankki, Kaasunkulutus (WLTP): Noin 4,1 kg\/100 km. Juuri huollettu ja jakohihna vaihdettu! 2x renkaat alkuper\u00e4isill\u00e4 aluvanteilla Huoltokirja, s\u00e4hk\u00f6inen\u00a0Vakionopeudens\u00e4\u00e4din,\u00a0 adaptiivinen Apple Carplay\u00a0Android Auto\u00a0Mirrorlink\u00a0 LED-ajovalot LED-p\u00e4iv\u00e4ajovalot Pys\u00e4k\u00f6intitutka edess\u00e4 ja takana et\u00e4isyysn\u00e4yt\u00f6ll\u00e4 ym<\/p>\n<hr \/>\n<p>Snygg Comfortline utrustad gas Golf med 17.3kg gastank samt 10L bensintankt, gasf\u00f6rbrukning (WLTP) ca 4.1kg\/100km. Nyservad samt kamremmen bytt! 2x d\u00e4ck p\u00e5 orginal aluf\u00e4lgar, servicebok (digital), adaptiv farth\u00e5llare, Apple Carplay \/ Android Auto, Mirrorlink, LED-k\u00f6rljus, Parkeringsradare fram och bak mm<\/p>\n<p>&nbsp;<\/p>","protected":false},"excerpt":{"rendered":"<ul>\n<li>\n<div class=\"grid-x cell vehicle-all-info__section vehicle-all-info__section-mobile full-row__content showHideTechnicalSection\">\n<div class=\"grid-x cell vehicle-all-info__mobile-details\">\n<div class=\"grid-x cell sub-col-wo-m-12 vehicle-all-info__title hide-until-large\">\n<div class=\"grid-x cell vehicle-all-info__section vehicle-all-info__section-mobile full-row__content showHideTechnicalSection\">\n<div class=\"grid-x cell vehicle-all-info__mobile-details\">\n<div class=\"grid-x cell sub-col-wo-m-12 vehicle-all-info__title hide-until-large\">Turvallisuus<\/div>\n<div class=\"grid-x cell vehicle-all-info__details vehicle-all-info__details-left hide-until-large\">\n<div class=\"grid-x cell vehicle-all-info__details_block\">Ajonvakautusj\u00e4rjestelm\u00e4<\/div>\n<div class=\"grid-x cell vehicle-all-info__details_block\">Isofix-valmius<\/div>\n<div class=\"grid-x cell vehicle-all-info__details_block\">LED-ajovalot<\/div>\n<div class=\"grid-x cell vehicle-all-info__details_block\">Lukkiutumattomat jarrut (ABS)<\/div>\n<div class=\"grid-x cell vehicle-all-info__details_block\">Sumuvalot<\/div>\n<\/div>\n<div class=\"grid-x cell vehicle-all-info__details vehicle-all-info__details-right hide-until-large\">\n<div class=\"grid-x cell vehicle-all-info__details_block\">H\u00e4t\u00e4jarrutusavustin<\/div>\n<div class=\"grid-x cell vehicle-all-info__details_block\">K\u00e4ynnistyksenesto<\/div>\n<div class=\"grid-x cell vehicle-all-info__details_block\">Luistonestoj\u00e4rjestelm\u00e4<\/div>\n<div class=\"grid-x cell vehicle-all-info__details_block\">M\u00e4kil\u00e4ht\u00f6avustin<\/div>\n<div class=\"grid-x cell vehicle-all-info__details_block\">Turvatyynyt<\/div>\n<\/div>\n<\/div>\n<\/div>\n<div class=\"grid-x cell vehicle-all-info__section vehicle-all-info__section-mobile full-row__content showHideTechnicalSection\">\n<div class=\"grid-x cell vehicle-all-info__mobile-details\">\n<div class=\"grid-x cell sub-col-wo-m-12 vehicle-all-info__title hide-until-large\">Sis\u00e4tilat ja mukavuudet<\/div>\n<div class=\"grid-x cell vehicle-all-info__details vehicle-all-info__details-left hide-until-large\">\n<div class=\"grid-x cell vehicle-all-info__details_block\">Ajotietokone<\/div>\n<div class=\"grid-x cell vehicle-all-info__details_block\">Kaadettavat takaistuimet<\/div>\n<div class=\"grid-x cell vehicle-all-info__details_block\">Ohjaustehostin<\/div>\n<div class=\"grid-x cell vehicle-all-info__details_block\">Pys\u00e4k\u00f6intitutka<\/div>\n<div class=\"grid-x cell vehicle-all-info__details_block\">Start-stop-j\u00e4rjestelm\u00e4<\/div>\n<div class=\"grid-x cell vehicle-all-info__details_block\">S\u00e4hk\u00f6k\u00e4ytt\u00f6iset ikkunat<\/div>\n<div class=\"grid-x cell vehicle-all-info__details_block\">Vakionopeudens\u00e4\u00e4din: Mukautuva<\/div>\n<\/div>\n<div class=\"grid-x cell vehicle-all-info__details vehicle-all-info__details-right hide-until-large\">\n<div class=\"grid-x cell vehicle-all-info__details_block\">Ilmastointi: Automaattinen<\/div>\n<div class=\"grid-x cell vehicle-all-info__details_block\">Keskuslukitus: Kaukos\u00e4\u00e4t\u00f6inen<\/div>\n<div class=\"grid-x cell vehicle-all-info__details_block\">Penkinl\u00e4mmittimet<\/div>\n<div class=\"grid-x cell vehicle-all-info__details_block\">Rengaspainevalvonta -j\u00e4rjestelm\u00e4<\/div>\n<div class=\"grid-x cell vehicle-all-info__details_block\">Suksiluukku<\/div>\n<div class=\"grid-x cell vehicle-all-info__details_block\">S\u00e4hk\u00f6peilit<\/div>\n<\/div>\n<\/div>\n<\/div>\n<div class=\"grid-x cell vehicle-all-info__section vehicle-all-info__section-mobile full-row__content showHideTechnicalSection\">\n<div class=\"grid-x cell vehicle-all-info__mobile-details\">\n<div class=\"grid-x cell sub-col-wo-m-12 vehicle-all-info__title hide-until-large\">Elektroniikka<\/div>\n<div class=\"grid-x cell vehicle-all-info__details vehicle-all-info__details-left hide-until-large\">\n<div class=\"grid-x cell vehicle-all-info__details_block\">Audio-liit\u00e4nt\u00e4<\/div>\n<div class=\"grid-x cell vehicle-all-info__details_block\">Matkapuhelinvarustus<\/div>\n<div class=\"grid-x cell vehicle-all-info__details_block\">\u00c4lypuhelimen integrointi<\/div>\n<\/div>\n<div class=\"grid-x cell vehicle-all-info__details vehicle-all-info__details-right hide-until-large\">\n<div class=\"grid-x cell vehicle-all-info__details_block\">Bluetooth<\/div>\n<div class=\"grid-x cell vehicle-all-info__details_block\">USB<\/div>\n<\/div>\n<\/div>\n<\/div>\n<div class=\"grid-x cell vehicle-all-info__section vehicle-all-info__section-mobile full-row__content showHideTechnicalSection\">\n<div class=\"grid-x cell vehicle-all-info__mobile-details\">\n<div class=\"grid-x cell sub-col-wo-m-12 vehicle-all-info__title hide-until-large\">Muut<\/div>\n<div class=\"grid-x cell vehicle-all-info__details vehicle-all-info__details-left hide-until-large\">\n<div class=\"grid-x cell vehicle-all-info__details_block\">Huoltokirja: S\u00e4hk\u00f6inen<\/div>\n<div class=\"grid-x cell vehicle-all-info__details_block\">Kevytmetallivanteet<\/div>\n<div class=\"grid-x cell vehicle-all-info__details_block\">Sadetunnistin<\/div>\n<\/div>\n<div class=\"grid-x cell vehicle-all-info__details vehicle-all-info__details-right hide-until-large\">\n<div class=\"grid-x cell vehicle-all-info__details_block\">Kahdet renkaat<\/div>\n<div class=\"grid-x cell vehicle-all-info__details_block\">Monitoimiohjauspy\u00f6r\u00e4<\/div>\n<div class=\"grid-x cell vehicle-all-info__details_block\">Turbo<\/div>\n<\/div>\n<\/div>\n<\/div>\n<\/div>\n<\/div>\n<\/div>\n<\/li>\n<\/ul>","protected":false},"featured_media":7240,"comment_status":"open","ping_status":"closed","template":"","meta":[],"product_brand":[],"product_cat":[44],"product_tag":[],"class_list":{"0":"post-7238","1":"product","2":"type-product","3":"status-publish","4":"has-post-thumbnail","6":"product_cat-fordon","8":"first","9":"instock","10":"shipping-taxable","11":"purchasable","12":"product-type-simple"},"_links":{"self":[{"href":"https:\/\/www.auto-trade.fi\/sv\/wp-json\/wp\/v2\/product\/7238","targetHints":{"allow":["GET"]}}],"collection":[{"href":"https:\/\/www.auto-trade.fi\/sv\/wp-json\/wp\/v2\/product"}],"about":[{"href":"https:\/\/www.auto-trade.fi\/sv\/wp-json\/wp\/v2\/types\/product"}],"replies":[{"embeddable":true,"href":"https:\/\/www.auto-trade.fi\/sv\/wp-json\/wp\/v2\/comments?post=7238"}],"wp:featuredmedia":[{"embeddable":true,"href":"https:\/\/www.auto-trade.fi\/sv\/wp-json\/wp\/v2\/media\/7240"}],"wp:attachment":[{"href":"https:\/\/www.auto-trade.fi\/sv\/wp-json\/wp\/v2\/media?parent=7238"}],"wp:term":[{"taxonomy":"product_brand","embeddable":true,"href":"https:\/\/www.auto-trade.fi\/sv\/wp-json\/wp\/v2\/product_brand?post=7238"},{"taxonomy":"product_cat","embeddable":true,"href":"https:\/\/www.auto-trade.fi\/sv\/wp-json\/wp\/v2\/product_cat?post=7238"},{"taxonomy":"product_tag","embeddable":true,"href":"https:\/\/www.auto-trade.fi\/sv\/wp-json\/wp\/v2\/product_tag?post=7238"}],"curies":[{"name":"wp","href":"https:\/\/api.w.org\/{rel}","templated":true}]}}